{"id":19660,"date":"2022-05-30T10:25:20","date_gmt":"2022-05-30T08:25:20","guid":{"rendered":"https:\/\/www.linkfacts.link\/contactez-nous-societe\/"},"modified":"2022-07-19T14:08:34","modified_gmt":"2022-07-19T12:08:34","slug":"contactez-nous-societe","status":"publish","type":"page","link":"https:\/\/www.linkfacts.link\/fr\/contactez-nous-societe\/","title":{"rendered":"Contactez-nous soci\u00e9t\u00e9"},"content":{"rendered":"\t\t<div data-elementor-type=\"wp-page\" data-elementor-id=\"19660\" class=\"elementor elementor-19660 elementor-19519\" data-elementor-post-type=\"page\">\n\t\t\t\t\t\t<section class=\"elementor-section elementor-top-section elementor-element elementor-element-646ebb54 elementor-section-boxed elementor-section-height-default elementor-section-height-default\" data-id=\"646ebb54\" data-element_type=\"section\" data-e-type=\"section\">\n\t\t\t\t\t\t<div class=\"elementor-container elementor-column-gap-default\">\n\t\t\t\t\t<div class=\"elementor-column elementor-col-50 elementor-top-column elementor-element elementor-element-712e912d\" data-id=\"712e912d\" data-element_type=\"column\" data-e-type=\"column\">\n\t\t\t<div class=\"elementor-widget-wrap elementor-element-populated\">\n\t\t\t\t\t\t<div class=\"elementor-element elementor-element-57ffeace elementor-widget elementor-widget-spacer\" data-id=\"57ffeace\" data-element_type=\"widget\" data-e-type=\"widget\" data-widget_type=\"spacer.default\">\n\t\t\t\t<div class=\"elementor-widget-container\">\n\t\t\t\t\t\t\t<div class=\"elementor-spacer\">\n\t\t\t<div class=\"elementor-spacer-inner\"><\/div>\n\t\t<\/div>\n\t\t\t\t\t\t<\/div>\n\t\t\t\t<\/div>\n\t\t\t\t<div class=\"elementor-element elementor-element-31f2b05f elementor-widget elementor-widget-heading\" data-id=\"31f2b05f\" data-element_type=\"widget\" data-e-type=\"widget\" data-widget_type=\"heading.default\">\n\t\t\t\t<div class=\"elementor-widget-container\">\n\t\t\t\t\t<h2 class=\"elementor-heading-title elementor-size-default\">Vous avez une question ? <br>Dites-nous comment vous aider.<\/h2>\t\t\t\t<\/div>\n\t\t\t\t<\/div>\n\t\t\t\t<div class=\"elementor-element elementor-element-a5f1328 texte-book-call elementor-widget elementor-widget-text-editor\" data-id=\"a5f1328\" data-element_type=\"widget\" data-e-type=\"widget\" data-widget_type=\"text-editor.default\">\n\t\t\t\t<div class=\"elementor-widget-container\">\n\t\t\t\t\t\t\t\t\t<b><u><a style=\"color: #faab3d;\" href=\"https:\/\/calendly.com\/linkfacts\/linkfacts-call\">R\u00e9servez un rendez-vous t\u00e9l\u00e9phonique avec nous<\/a><\/u><\/b> <br>ou remplissez notre formulaire de contact, nous vous contacterons.\t\t\t\t\t\t\t\t<\/div>\n\t\t\t\t<\/div>\n\t\t\t\t<div class=\"elementor-element elementor-element-1176347b elementor-widget elementor-widget-spacer\" data-id=\"1176347b\" data-element_type=\"widget\" data-e-type=\"widget\" data-widget_type=\"spacer.default\">\n\t\t\t\t<div class=\"elementor-widget-container\">\n\t\t\t\t\t\t\t<div class=\"elementor-spacer\">\n\t\t\t<div class=\"elementor-spacer-inner\"><\/div>\n\t\t<\/div>\n\t\t\t\t\t\t<\/div>\n\t\t\t\t<\/div>\n\t\t\t\t\t<\/div>\n\t\t<\/div>\n\t\t\t\t<div class=\"elementor-column elementor-col-50 elementor-top-column elementor-element elementor-element-6cb53961\" data-id=\"6cb53961\" data-element_type=\"column\" data-e-type=\"column\">\n\t\t\t<div class=\"elementor-widget-wrap elementor-element-populated\">\n\t\t\t\t\t\t<div class=\"elementor-element elementor-element-bb4e93a elementor-hidden-tablet elementor-hidden-mobile elementor-widget elementor-widget-spacer\" data-id=\"bb4e93a\" data-element_type=\"widget\" data-e-type=\"widget\" data-widget_type=\"spacer.default\">\n\t\t\t\t<div class=\"elementor-widget-container\">\n\t\t\t\t\t\t\t<div class=\"elementor-spacer\">\n\t\t\t<div class=\"elementor-spacer-inner\"><\/div>\n\t\t<\/div>\n\t\t\t\t\t\t<\/div>\n\t\t\t\t<\/div>\n\t\t\t\t\t<\/div>\n\t\t<\/div>\n\t\t\t\t\t<\/div>\n\t\t<\/section>\n\t\t\t\t<section class=\"elementor-section elementor-top-section elementor-element elementor-element-8f2e82f elementor-section-boxed elementor-section-height-default elementor-section-height-default\" data-id=\"8f2e82f\" data-element_type=\"section\" data-e-type=\"section\">\n\t\t\t\t\t\t<div class=\"elementor-container elementor-column-gap-default\">\n\t\t\t\t\t<div class=\"elementor-column elementor-col-100 elementor-top-column elementor-element elementor-element-c3f9d30\" data-id=\"c3f9d30\" data-element_type=\"column\" data-e-type=\"column\">\n\t\t\t<div class=\"elementor-widget-wrap elementor-element-populated\">\n\t\t\t\t\t\t<div class=\"elementor-element elementor-element-cbc93bf elementor-widget elementor-widget-text-editor\" data-id=\"cbc93bf\" data-element_type=\"widget\" data-e-type=\"widget\" data-widget_type=\"text-editor.default\">\n\t\t\t\t<div class=\"elementor-widget-container\">\n\t\t\t\t\t\t\t\t\t<div class=\"contact_form_company\">Nous pouvons :<ul><li style=\"list-style-type: none;\"><ul><li>Vous expliquer la puissance de notre outil et ce qu&#8217;il pourrait apporter \u00e0 votre organisation<\/li><li>Cr\u00e9er ensemble le plan tarifaire r\u00e9pondant pr\u00e9cis\u00e9ment \u00e0 vos besoins et vos attentes.<\/li><\/ul><\/li><\/ul><\/div>\t\t\t\t\t\t\t\t<\/div>\n\t\t\t\t<\/div>\n\t\t\t\t\t<\/div>\n\t\t<\/div>\n\t\t\t\t\t<\/div>\n\t\t<\/section>\n\t\t\t\t<section class=\"elementor-section elementor-top-section elementor-element elementor-element-2d1c62af elementor-section-boxed elementor-section-height-default elementor-section-height-default\" data-id=\"2d1c62af\" data-element_type=\"section\" data-e-type=\"section\">\n\t\t\t\t\t\t<div class=\"elementor-container elementor-column-gap-extended\">\n\t\t\t\t\t<div class=\"elementor-column elementor-col-66 elementor-top-column elementor-element elementor-element-3a839edc\" data-id=\"3a839edc\" data-element_type=\"column\" data-e-type=\"column\">\n\t\t\t<div class=\"elementor-widget-wrap elementor-element-populated\">\n\t\t\t\t\t\t<div class=\"elementor-element elementor-element-1fd07da1 elementor-widget elementor-widget-shortcode\" data-id=\"1fd07da1\" data-element_type=\"widget\" data-e-type=\"widget\" data-widget_type=\"shortcode.default\">\n\t\t\t\t<div class=\"elementor-widget-container\">\n\t\t\t\t\t\t\t<div class=\"elementor-shortcode\">\n<div class=\"wpcf7 no-js\" id=\"wpcf7-f19649-o1\" lang=\"fr-FR\" dir=\"ltr\" data-wpcf7-id=\"19649\">\n<div class=\"screen-reader-response\"><p role=\"status\" aria-live=\"polite\" aria-atomic=\"true\"><\/p> <ul><\/ul><\/div>\n<form action=\"\/fr\/wp-json\/wp\/v2\/pages\/19660#wpcf7-f19649-o1\" method=\"post\" class=\"wpcf7-form init\" aria-label=\"Contact form\" novalidate=\"novalidate\" data-status=\"init\">\n<fieldset class=\"hidden-fields-container\"><input type=\"hidden\" name=\"_wpcf7\" value=\"19649\" \/><input type=\"hidden\" name=\"_wpcf7_version\" value=\"6.1.5\" \/><input type=\"hidden\" name=\"_wpcf7_locale\" value=\"fr_FR\" \/><input type=\"hidden\" name=\"_wpcf7_unit_tag\" value=\"wpcf7-f19649-o1\" \/><input type=\"hidden\" name=\"_wpcf7_container_post\" value=\"0\" \/><input type=\"hidden\" name=\"_wpcf7_posted_data_hash\" value=\"\" \/><input type=\"hidden\" name=\"_wpcf7_recaptcha_response\" value=\"\" \/>\n<\/fieldset>\n<div>\n\t<div class=\"form-group text_box\">\n\t\t<p><span class=\"wpcf7-form-control-wrap\" data-name=\"textarea-761\"><textarea cols=\"40\" rows=\"10\" maxlength=\"2000\" class=\"wpcf7-form-control wpcf7-textarea wpcf7-validates-as-required\" aria-required=\"true\" aria-invalid=\"false\" placeholder=\"Dites-nous comment nous pouvons vous aider\" name=\"textarea-761\"><\/textarea><\/span>\n\t\t<\/p>\n\t<\/div>\n<\/div>\n<div class=\"row\">\n\t<div class=\"col-lg-6\">\n\t\t<div class=\"form-group text_box\">\n\t\t\t<p><span class=\"wpcf7-form-control-wrap\" data-name=\"text-298\"><input size=\"40\" maxlength=\"400\" class=\"wpcf7-form-control wpcf7-text wpcf7-validates-as-required\" aria-required=\"true\" aria-invalid=\"false\" placeholder=\"Votre nom\" value=\"\" type=\"text\" name=\"text-298\" \/><\/span>\n\t\t\t<\/p>\n\t\t<\/div>\n\t<\/div>\n\t<div class=\"col-lg-6\">\n\t\t<div class=\"form-group text_box\">\n\t\t\t<p><span class=\"wpcf7-form-control-wrap\" data-name=\"email-68\"><input size=\"40\" maxlength=\"400\" class=\"wpcf7-form-control wpcf7-email wpcf7-validates-as-required wpcf7-text wpcf7-validates-as-email\" aria-required=\"true\" aria-invalid=\"false\" placeholder=\"Votre email\" value=\"\" type=\"email\" name=\"email-68\" \/><\/span>\n\t\t\t<\/p>\n\t\t<\/div>\n\t<\/div>\n<\/div>\n<div class=\"row\">\n\t<div class=\"col-lg-6\">\n\t\t<div class=\"form-group text_box\">\n\t\t\t<p><span class=\"wpcf7-form-control-wrap\" data-name=\"tel-877\"><input size=\"40\" maxlength=\"400\" class=\"wpcf7-form-control wpcf7-tel wpcf7-validates-as-required wpcf7-text wpcf7-validates-as-tel\" aria-required=\"true\" aria-invalid=\"false\" placeholder=\"Votre num\u00e9ro de t\u00e9l\u00e9phone\" value=\"\" type=\"tel\" name=\"tel-877\" \/><\/span>\n\t\t\t<\/p>\n\t\t<\/div>\n\t<\/div>\n\t<div class=\"col-lg-6\">\n\t\t<div class=\"form-group text_box\">\n\t\t\t<p><span class=\"wpcf7-form-control-wrap\" data-name=\"text-317\"><input size=\"40\" maxlength=\"400\" class=\"wpcf7-form-control wpcf7-text wpcf7-validates-as-required\" aria-required=\"true\" aria-invalid=\"false\" placeholder=\"Votre entreprise\" value=\"\" type=\"text\" name=\"text-317\" \/><\/span>\n\t\t\t<\/p>\n\t\t<\/div>\n\t<\/div>\n<\/div>\n<div class=\"row\">\n\t<div class=\"col-lg-12\">\n\t\t<p><input class=\"wpcf7-form-control wpcf7-submit has-spinner btn_three\" type=\"submit\" value=\"Send Message\" \/>\n\t\t<\/p>\n\t<\/div>\n<\/div><div class=\"wpcf7-response-output\" aria-hidden=\"true\"><\/div>\n<\/form>\n<\/div>\n<\/div>\n\t\t\t\t\t\t<\/div>\n\t\t\t\t<\/div>\n\t\t\t\t\t<\/div>\n\t\t<\/div>\n\t\t\t\t<div class=\"elementor-column elementor-col-33 elementor-top-column elementor-element elementor-element-6b4f5d3d\" data-id=\"6b4f5d3d\" data-element_type=\"column\" data-e-type=\"column\">\n\t\t\t<div class=\"elementor-widget-wrap\">\n\t\t\t\t\t\t\t<\/div>\n\t\t<\/div>\n\t\t\t\t\t<\/div>\n\t\t<\/section>\n\t\t\t\t<\/div>\n\t\t","protected":false},"excerpt":{"rendered":"<p>Vous avez une question ? Dites-nous comment vous aider. R\u00e9servez un rendez-vous t\u00e9l\u00e9phonique avec nous ou remplissez notre formulaire de contact, nous vous contacterons. Nous pouvons : Vous expliquer la puissance de notre outil et ce qu&#8217;il pourrait apporter \u00e0 votre organisation Cr\u00e9er ensemble le plan tarifaire r\u00e9pondant pr\u00e9cis\u00e9ment \u00e0 vos besoins et vos attentes.<\/p>\n","protected":false},"author":2,"featured_media":0,"parent":0,"menu_order":0,"comment_status":"closed","ping_status":"closed","template":"","meta":{"footnotes":""},"class_list":["post-19660","page","type-page","status-publish","hentry","no-post-thumbnail"],"yoast_head":"<!-- This site is optimized with the Yoast SEO plugin v27.2 - https:\/\/yoast.com\/product\/yoast-seo-wordpress\/ -->\n<title>Contactez-nous - LinkFacts, posez vos questions dans cette section.<\/title>\n<meta name=\"description\" content=\"Des questions concernant notre outil de cartes mentales ? Vous \u00eates au bon endroit. Notre \u00e9quipe LinkFacts est pr\u00eate \u00e0 vous aider. Contactez-nous ajourd&#039;hui !\" \/>\n<meta name=\"robots\" content=\"index, follow, max-snippet:-1, max-image-preview:large, max-video-preview:-1\" \/>\n<link rel=\"canonical\" href=\"https:\/\/www.linkfacts.link\/fr\/contactez-nous-societe\/\" \/>\n<meta property=\"og:locale\" content=\"fr_FR\" \/>\n<meta property=\"og:type\" content=\"article\" \/>\n<meta property=\"og:title\" content=\"Contactez-nous - LinkFacts, posez vos questions dans cette section.\" \/>\n<meta property=\"og:description\" content=\"Des questions concernant notre outil de cartes mentales ? Vous \u00eates au bon endroit. Notre \u00e9quipe LinkFacts est pr\u00eate \u00e0 vous aider. Contactez-nous ajourd&#039;hui !\" \/>\n<meta property=\"og:url\" content=\"https:\/\/www.linkfacts.link\/fr\/contactez-nous-societe\/\" \/>\n<meta property=\"og:site_name\" content=\"LinkFacts | Collaborative platform to visually explore, capture and share knowledge\" \/>\n<meta property=\"article:publisher\" content=\"https:\/\/www.facebook.com\/LinkFacts\" \/>\n<meta property=\"article:modified_time\" content=\"2022-07-19T12:08:34+00:00\" \/>\n<meta property=\"og:image\" content=\"https:\/\/www.linkfacts.link\/wp-content\/uploads\/2021\/06\/Screenshot-2021-06-25-at-17-07-58-LinkFacts-Solvay-conferences-on-physics-and-chemistry-e1625738926712.png\" \/>\n\t<meta property=\"og:image:width\" content=\"1200\" \/>\n\t<meta property=\"og:image:height\" content=\"597\" \/>\n\t<meta property=\"og:image:type\" content=\"image\/png\" \/>\n<meta name=\"twitter:card\" content=\"summary_large_image\" \/>\n<meta name=\"twitter:site\" content=\"@linkfacts1\" \/>\n<meta name=\"twitter:label1\" content=\"Est. reading time\" \/>\n\t<meta name=\"twitter:data1\" content=\"1 minute\" \/>\n<script type=\"application\/ld+json\" class=\"yoast-schema-graph\">{\"@context\":\"https:\/\/schema.org\",\"@graph\":[{\"@type\":\"WebPage\",\"@id\":\"https:\/\/www.linkfacts.link\/fr\/contactez-nous-societe\/\",\"url\":\"https:\/\/www.linkfacts.link\/fr\/contactez-nous-societe\/\",\"name\":\"Contactez-nous - LinkFacts, posez vos questions dans cette section.\",\"isPartOf\":{\"@id\":\"https:\/\/www.linkfacts.link\/fr\/#website\"},\"datePublished\":\"2022-05-30T08:25:20+00:00\",\"dateModified\":\"2022-07-19T12:08:34+00:00\",\"description\":\"Des questions concernant notre outil de cartes mentales ? Vous \u00eates au bon endroit. Notre \u00e9quipe LinkFacts est pr\u00eate \u00e0 vous aider. Contactez-nous ajourd'hui !\",\"breadcrumb\":{\"@id\":\"https:\/\/www.linkfacts.link\/fr\/contactez-nous-societe\/#breadcrumb\"},\"inLanguage\":\"fr-FR\",\"potentialAction\":[{\"@type\":\"ReadAction\",\"target\":[\"https:\/\/www.linkfacts.link\/fr\/contactez-nous-societe\/\"]}]},{\"@type\":\"BreadcrumbList\",\"@id\":\"https:\/\/www.linkfacts.link\/fr\/contactez-nous-societe\/#breadcrumb\",\"itemListElement\":[{\"@type\":\"ListItem\",\"position\":1,\"name\":\"Home\",\"item\":\"https:\/\/www.linkfacts.link\/fr\/\"},{\"@type\":\"ListItem\",\"position\":2,\"name\":\"Contactez-nous soci\u00e9t\u00e9\"}]},{\"@type\":\"WebSite\",\"@id\":\"https:\/\/www.linkfacts.link\/fr\/#website\",\"url\":\"https:\/\/www.linkfacts.link\/fr\/\",\"name\":\"LinkFacts | Collaborative platform to visually explore, capture and share knowledge\",\"description\":\"Une plateforme interactive unique pour cr\u00e9er, modifier et partager des cartes mentales.\",\"publisher\":{\"@id\":\"https:\/\/www.linkfacts.link\/fr\/#organization\"},\"potentialAction\":[{\"@type\":\"SearchAction\",\"target\":{\"@type\":\"EntryPoint\",\"urlTemplate\":\"https:\/\/www.linkfacts.link\/fr\/?s={search_term_string}\"},\"query-input\":{\"@type\":\"PropertyValueSpecification\",\"valueRequired\":true,\"valueName\":\"search_term_string\"}}],\"inLanguage\":\"fr-FR\"},{\"@type\":\"Organization\",\"@id\":\"https:\/\/www.linkfacts.link\/fr\/#organization\",\"name\":\"LinkFacts\",\"url\":\"https:\/\/www.linkfacts.link\/fr\/\",\"logo\":{\"@type\":\"ImageObject\",\"inLanguage\":\"fr-FR\",\"@id\":\"https:\/\/www.linkfacts.link\/fr\/#\/schema\/logo\/image\/\",\"url\":\"https:\/\/www.linkfacts.link\/wp-content\/uploads\/2018\/11\/linkfacts-logo-512.png\",\"contentUrl\":\"https:\/\/www.linkfacts.link\/wp-content\/uploads\/2018\/11\/linkfacts-logo-512.png\",\"width\":512,\"height\":512,\"caption\":\"LinkFacts\"},\"image\":{\"@id\":\"https:\/\/www.linkfacts.link\/fr\/#\/schema\/logo\/image\/\"},\"sameAs\":[\"https:\/\/www.facebook.com\/LinkFacts\",\"https:\/\/x.com\/linkfacts1\",\"https:\/\/lu.linkedin.com\/company\/linkfacts\",\"https:\/\/www.youtube.com\/channel\/UCb7ySsUoUYJ0uvi9X1566IA\"]}]}<\/script>\n<!-- \/ Yoast SEO plugin. -->","yoast_head_json":{"title":"Contactez-nous - LinkFacts, posez vos questions dans cette section.","description":"Des questions concernant notre outil de cartes mentales ? Vous \u00eates au bon endroit. Notre \u00e9quipe LinkFacts est pr\u00eate \u00e0 vous aider. Contactez-nous ajourd'hui !","robots":{"index":"index","follow":"follow","max-snippet":"max-snippet:-1","max-image-preview":"max-image-preview:large","max-video-preview":"max-video-preview:-1"},"canonical":"https:\/\/www.linkfacts.link\/fr\/contactez-nous-societe\/","og_locale":"fr_FR","og_type":"article","og_title":"Contactez-nous - LinkFacts, posez vos questions dans cette section.","og_description":"Des questions concernant notre outil de cartes mentales ? Vous \u00eates au bon endroit. Notre \u00e9quipe LinkFacts est pr\u00eate \u00e0 vous aider. Contactez-nous ajourd'hui !","og_url":"https:\/\/www.linkfacts.link\/fr\/contactez-nous-societe\/","og_site_name":"LinkFacts | Collaborative platform to visually explore, capture and share knowledge","article_publisher":"https:\/\/www.facebook.com\/LinkFacts","article_modified_time":"2022-07-19T12:08:34+00:00","og_image":[{"width":1200,"height":597,"url":"https:\/\/www.linkfacts.link\/wp-content\/uploads\/2021\/06\/Screenshot-2021-06-25-at-17-07-58-LinkFacts-Solvay-conferences-on-physics-and-chemistry-e1625738926712.png","type":"image\/png"}],"twitter_card":"summary_large_image","twitter_site":"@linkfacts1","twitter_misc":{"Est. reading time":"1 minute"},"schema":{"@context":"https:\/\/schema.org","@graph":[{"@type":"WebPage","@id":"https:\/\/www.linkfacts.link\/fr\/contactez-nous-societe\/","url":"https:\/\/www.linkfacts.link\/fr\/contactez-nous-societe\/","name":"Contactez-nous - LinkFacts, posez vos questions dans cette section.","isPartOf":{"@id":"https:\/\/www.linkfacts.link\/fr\/#website"},"datePublished":"2022-05-30T08:25:20+00:00","dateModified":"2022-07-19T12:08:34+00:00","description":"Des questions concernant notre outil de cartes mentales ? Vous \u00eates au bon endroit. Notre \u00e9quipe LinkFacts est pr\u00eate \u00e0 vous aider. Contactez-nous ajourd'hui !","breadcrumb":{"@id":"https:\/\/www.linkfacts.link\/fr\/contactez-nous-societe\/#breadcrumb"},"inLanguage":"fr-FR","potentialAction":[{"@type":"ReadAction","target":["https:\/\/www.linkfacts.link\/fr\/contactez-nous-societe\/"]}]},{"@type":"BreadcrumbList","@id":"https:\/\/www.linkfacts.link\/fr\/contactez-nous-societe\/#breadcrumb","itemListElement":[{"@type":"ListItem","position":1,"name":"Home","item":"https:\/\/www.linkfacts.link\/fr\/"},{"@type":"ListItem","position":2,"name":"Contactez-nous soci\u00e9t\u00e9"}]},{"@type":"WebSite","@id":"https:\/\/www.linkfacts.link\/fr\/#website","url":"https:\/\/www.linkfacts.link\/fr\/","name":"LinkFacts | Collaborative platform to visually explore, capture and share knowledge","description":"Une plateforme interactive unique pour cr\u00e9er, modifier et partager des cartes mentales.","publisher":{"@id":"https:\/\/www.linkfacts.link\/fr\/#organization"},"potentialAction":[{"@type":"SearchAction","target":{"@type":"EntryPoint","urlTemplate":"https:\/\/www.linkfacts.link\/fr\/?s={search_term_string}"},"query-input":{"@type":"PropertyValueSpecification","valueRequired":true,"valueName":"search_term_string"}}],"inLanguage":"fr-FR"},{"@type":"Organization","@id":"https:\/\/www.linkfacts.link\/fr\/#organization","name":"LinkFacts","url":"https:\/\/www.linkfacts.link\/fr\/","logo":{"@type":"ImageObject","inLanguage":"fr-FR","@id":"https:\/\/www.linkfacts.link\/fr\/#\/schema\/logo\/image\/","url":"https:\/\/www.linkfacts.link\/wp-content\/uploads\/2018\/11\/linkfacts-logo-512.png","contentUrl":"https:\/\/www.linkfacts.link\/wp-content\/uploads\/2018\/11\/linkfacts-logo-512.png","width":512,"height":512,"caption":"LinkFacts"},"image":{"@id":"https:\/\/www.linkfacts.link\/fr\/#\/schema\/logo\/image\/"},"sameAs":["https:\/\/www.facebook.com\/LinkFacts","https:\/\/x.com\/linkfacts1","https:\/\/lu.linkedin.com\/company\/linkfacts","https:\/\/www.youtube.com\/channel\/UCb7ySsUoUYJ0uvi9X1566IA"]}]}},"_links":{"self":[{"href":"https:\/\/www.linkfacts.link\/fr\/wp-json\/wp\/v2\/pages\/19660","targetHints":{"allow":["GET"]}}],"collection":[{"href":"https:\/\/www.linkfacts.link\/fr\/wp-json\/wp\/v2\/pages"}],"about":[{"href":"https:\/\/www.linkfacts.link\/fr\/wp-json\/wp\/v2\/types\/page"}],"author":[{"embeddable":true,"href":"https:\/\/www.linkfacts.link\/fr\/wp-json\/wp\/v2\/users\/2"}],"replies":[{"embeddable":true,"href":"https:\/\/www.linkfacts.link\/fr\/wp-json\/wp\/v2\/comments?post=19660"}],"version-history":[{"count":55,"href":"https:\/\/www.linkfacts.link\/fr\/wp-json\/wp\/v2\/pages\/19660\/revisions"}],"predecessor-version":[{"id":23025,"href":"https:\/\/www.linkfacts.link\/fr\/wp-json\/wp\/v2\/pages\/19660\/revisions\/23025"}],"wp:attachment":[{"href":"https:\/\/www.linkfacts.link\/fr\/wp-json\/wp\/v2\/media?parent=19660"}],"curies":[{"name":"wp","href":"https:\/\/api.w.org\/{rel}","templated":true}]}}