{"id":23947,"date":"2022-07-21T15:26:04","date_gmt":"2022-07-21T13:26:04","guid":{"rendered":"https:\/\/www.linkfacts.link\/haeufig-gestellte-fragen\/"},"modified":"2022-07-21T15:26:05","modified_gmt":"2022-07-21T13:26:05","slug":"haeufig-gestellte-fragen","status":"publish","type":"page","link":"https:\/\/www.linkfacts.link\/de\/haeufig-gestellte-fragen\/","title":{"rendered":"H\u00c4UFIG GESTELLTE FRAGEN"},"content":{"rendered":"\t\t<div data-elementor-type=\"wp-page\" data-elementor-id=\"23947\" class=\"elementor elementor-23947 elementor-23921\" data-elementor-post-type=\"page\">\n\t\t\t\t\t\t<section class=\"elementor-section elementor-top-section elementor-element elementor-element-a85c025 elementor-section-boxed elementor-section-height-default elementor-section-height-default\" data-id=\"a85c025\" data-element_type=\"section\" data-e-type=\"section\">\n\t\t\t\t\t\t<div class=\"elementor-container elementor-column-gap-default\">\n\t\t\t\t\t<div class=\"elementor-column elementor-col-100 elementor-top-column elementor-element elementor-element-192ad93\" data-id=\"192ad93\" data-element_type=\"column\" data-e-type=\"column\">\n\t\t\t<div class=\"elementor-widget-wrap elementor-element-populated\">\n\t\t\t\t\t\t<div class=\"elementor-element elementor-element-c863fce elementor-widget elementor-widget-heading\" data-id=\"c863fce\" data-element_type=\"widget\" data-e-type=\"widget\" data-widget_type=\"heading.default\">\n\t\t\t\t<div class=\"elementor-widget-container\">\n\t\t\t\t\t<h3 class=\"elementor-heading-title elementor-size-default\">H\u00c4UFIG GESTELLTE FRAGEN (FAQ)<\/h3>\t\t\t\t<\/div>\n\t\t\t\t<\/div>\n\t\t\t\t<div class=\"elementor-element elementor-element-4641385 elementor-widget elementor-widget-text-editor\" data-id=\"4641385\" data-element_type=\"widget\" data-e-type=\"widget\" data-widget_type=\"text-editor.default\">\n\t\t\t\t<div class=\"elementor-widget-container\">\n\t\t\t\t\t\t\t\t\t<p>Finden Sie Antworten auf h\u00e4ufig gestellte Fragen zu LinkFacts  <\/p>\t\t\t\t\t\t\t\t<\/div>\n\t\t\t\t<\/div>\n\t\t\t\t\t<\/div>\n\t\t<\/div>\n\t\t\t\t\t<\/div>\n\t\t<\/section>\n\t\t\t\t<section class=\"elementor-section elementor-top-section elementor-element elementor-element-ebce46f elementor-section-boxed elementor-section-height-default elementor-section-height-default\" data-id=\"ebce46f\" data-element_type=\"section\" data-e-type=\"section\">\n\t\t\t\t\t\t<div class=\"elementor-container elementor-column-gap-default\">\n\t\t\t\t\t<div class=\"elementor-column elementor-col-100 elementor-top-column elementor-element elementor-element-44e0a4c\" data-id=\"44e0a4c\" data-element_type=\"column\" data-e-type=\"column\">\n\t\t\t<div class=\"elementor-widget-wrap elementor-element-populated\">\n\t\t\t\t\t\t<div class=\"elementor-element elementor-element-84713c5 elementor-widget elementor-widget-accordion\" data-id=\"84713c5\" data-element_type=\"widget\" data-e-type=\"widget\" data-widget_type=\"accordion.default\">\n\t\t\t\t<div class=\"elementor-widget-container\">\n\t\t\t\t\t\t\t<div class=\"elementor-accordion\">\n\t\t\t\t\t\t\t<div class=\"elementor-accordion-item\">\n\t\t\t\t\t<div id=\"elementor-tab-title-1381\" class=\"elementor-tab-title\" data-tab=\"1\" role=\"button\" aria-controls=\"elementor-tab-content-1381\" aria-expanded=\"false\">\n\t\t\t\t\t\t\t\t\t\t\t\t\t<span class=\"elementor-accordion-icon elementor-accordion-icon-left\" aria-hidden=\"true\">\n\t\t\t\t\t\t\t\t\t\t\t\t\t\t\t<span class=\"elementor-accordion-icon-closed\"><svg class=\"e-font-icon-svg e-fas-angle-down\" viewBox=\"0 0 320 512\" xmlns=\"http:\/\/www.w3.org\/2000\/svg\"><path d=\"M143 352.3L7 216.3c-9.4-9.4-9.4-24.6 0-33.9l22.6-22.6c9.4-9.4 24.6-9.4 33.9 0l96.4 96.4 96.4-96.4c9.4-9.4 24.6-9.4 33.9 0l22.6 22.6c9.4 9.4 9.4 24.6 0 33.9l-136 136c-9.2 9.4-24.4 9.4-33.8 0z\"><\/path><\/svg><\/span>\n\t\t\t\t\t\t\t\t<span class=\"elementor-accordion-icon-opened\"><svg class=\"e-font-icon-svg e-fas-angle-up\" viewBox=\"0 0 320 512\" xmlns=\"http:\/\/www.w3.org\/2000\/svg\"><path d=\"M177 159.7l136 136c9.4 9.4 9.4 24.6 0 33.9l-22.6 22.6c-9.4 9.4-24.6 9.4-33.9 0L160 255.9l-96.4 96.4c-9.4 9.4-24.6 9.4-33.9 0L7 329.7c-9.4-9.4-9.4-24.6 0-33.9l136-136c9.4-9.5 24.6-9.5 34-.1z\"><\/path><\/svg><\/span>\n\t\t\t\t\t\t\t\t\t\t\t\t\t\t<\/span>\n\t\t\t\t\t\t\t\t\t\t\t\t<a class=\"elementor-accordion-title\" tabindex=\"0\">Wie kann ich LinkFacts nutzen, um meine Recherche zu verbessern?<\/a>\n\t\t\t\t\t<\/div>\n\t\t\t\t\t<div id=\"elementor-tab-content-1381\" class=\"elementor-tab-content elementor-clearfix\" data-tab=\"1\" role=\"region\" aria-labelledby=\"elementor-tab-title-1381\"><p><span style=\"font-weight: 400;\">LinkFacts erm\u00f6glicht es Ihnen, alle Ihre Quellen, Ihre Ideen, Ihre Forschungspl\u00e4ne zu konsolidieren. LinkFacts kann als zentrales Werkzeug f\u00fcr  <\/span><b>Brainstorming<\/b><span style=\"font-weight: 400;\"> mit <\/span><b>Mindmaps<\/b><span style=\"font-weight: 400;\"> und Sammeln von allem, was Sie f\u00fcr die Recherche ben\u00f6tigen.<\/span><\/p><\/div>\n\t\t\t\t<\/div>\n\t\t\t\t\t\t\t<div class=\"elementor-accordion-item\">\n\t\t\t\t\t<div id=\"elementor-tab-title-1382\" class=\"elementor-tab-title\" data-tab=\"2\" role=\"button\" aria-controls=\"elementor-tab-content-1382\" aria-expanded=\"false\">\n\t\t\t\t\t\t\t\t\t\t\t\t\t<span class=\"elementor-accordion-icon elementor-accordion-icon-left\" aria-hidden=\"true\">\n\t\t\t\t\t\t\t\t\t\t\t\t\t\t\t<span class=\"elementor-accordion-icon-closed\"><svg class=\"e-font-icon-svg e-fas-angle-down\" viewBox=\"0 0 320 512\" xmlns=\"http:\/\/www.w3.org\/2000\/svg\"><path d=\"M143 352.3L7 216.3c-9.4-9.4-9.4-24.6 0-33.9l22.6-22.6c9.4-9.4 24.6-9.4 33.9 0l96.4 96.4 96.4-96.4c9.4-9.4 24.6-9.4 33.9 0l22.6 22.6c9.4 9.4 9.4 24.6 0 33.9l-136 136c-9.2 9.4-24.4 9.4-33.8 0z\"><\/path><\/svg><\/span>\n\t\t\t\t\t\t\t\t<span class=\"elementor-accordion-icon-opened\"><svg class=\"e-font-icon-svg e-fas-angle-up\" viewBox=\"0 0 320 512\" xmlns=\"http:\/\/www.w3.org\/2000\/svg\"><path d=\"M177 159.7l136 136c9.4 9.4 9.4 24.6 0 33.9l-22.6 22.6c-9.4 9.4-24.6 9.4-33.9 0L160 255.9l-96.4 96.4c-9.4 9.4-24.6 9.4-33.9 0L7 329.7c-9.4-9.4-9.4-24.6 0-33.9l136-136c9.4-9.5 24.6-9.5 34-.1z\"><\/path><\/svg><\/span>\n\t\t\t\t\t\t\t\t\t\t\t\t\t\t<\/span>\n\t\t\t\t\t\t\t\t\t\t\t\t<a class=\"elementor-accordion-title\" tabindex=\"0\">Kann ich die LinkFacts verwenden, um meine Referenzen im Internet zu ver\u00f6ffentlichen?<\/a>\n\t\t\t\t\t<\/div>\n\t\t\t\t\t<div id=\"elementor-tab-content-1382\" class=\"elementor-tab-content elementor-clearfix\" data-tab=\"2\" role=\"region\" aria-labelledby=\"elementor-tab-title-1382\"><p><span style=\"font-weight: 400;\">Sie k\u00f6nnten in der Tat eine \u00f6ffentliche Grafik auf LinkFacts verwenden, um alle Ihre Forschungsarbeiten zu pr\u00e4sentieren!<\/span><\/p><\/div>\n\t\t\t\t<\/div>\n\t\t\t\t\t\t\t<div class=\"elementor-accordion-item\">\n\t\t\t\t\t<div id=\"elementor-tab-title-1383\" class=\"elementor-tab-title\" data-tab=\"3\" role=\"button\" aria-controls=\"elementor-tab-content-1383\" aria-expanded=\"false\">\n\t\t\t\t\t\t\t\t\t\t\t\t\t<span class=\"elementor-accordion-icon elementor-accordion-icon-left\" aria-hidden=\"true\">\n\t\t\t\t\t\t\t\t\t\t\t\t\t\t\t<span class=\"elementor-accordion-icon-closed\"><svg class=\"e-font-icon-svg e-fas-angle-down\" viewBox=\"0 0 320 512\" xmlns=\"http:\/\/www.w3.org\/2000\/svg\"><path d=\"M143 352.3L7 216.3c-9.4-9.4-9.4-24.6 0-33.9l22.6-22.6c9.4-9.4 24.6-9.4 33.9 0l96.4 96.4 96.4-96.4c9.4-9.4 24.6-9.4 33.9 0l22.6 22.6c9.4 9.4 9.4 24.6 0 33.9l-136 136c-9.2 9.4-24.4 9.4-33.8 0z\"><\/path><\/svg><\/span>\n\t\t\t\t\t\t\t\t<span class=\"elementor-accordion-icon-opened\"><svg class=\"e-font-icon-svg e-fas-angle-up\" viewBox=\"0 0 320 512\" xmlns=\"http:\/\/www.w3.org\/2000\/svg\"><path d=\"M177 159.7l136 136c9.4 9.4 9.4 24.6 0 33.9l-22.6 22.6c-9.4 9.4-24.6 9.4-33.9 0L160 255.9l-96.4 96.4c-9.4 9.4-24.6 9.4-33.9 0L7 329.7c-9.4-9.4-9.4-24.6 0-33.9l136-136c9.4-9.5 24.6-9.5 34-.1z\"><\/path><\/svg><\/span>\n\t\t\t\t\t\t\t\t\t\t\t\t\t\t<\/span>\n\t\t\t\t\t\t\t\t\t\t\t\t<a class=\"elementor-accordion-title\" tabindex=\"0\">  Welche Art von Informationen kann ich mit LinkFacts sammeln?<\/a>\n\t\t\t\t\t<\/div>\n\t\t\t\t\t<div id=\"elementor-tab-content-1383\" class=\"elementor-tab-content elementor-clearfix\" data-tab=\"3\" role=\"region\" aria-labelledby=\"elementor-tab-title-1383\"><p><span style=\"font-weight: 400;\">Jede Art von Informationen aus jeder Art von Quelle kann durch <\/span><b>Mindmap-Pr\u00e4sentation<\/b> in LinkFacts integriert werden<span style=\"font-weight: 400;\">.<\/span><\/p><\/div>\n\t\t\t\t<\/div>\n\t\t\t\t\t\t\t<div class=\"elementor-accordion-item\">\n\t\t\t\t\t<div id=\"elementor-tab-title-1384\" class=\"elementor-tab-title\" data-tab=\"4\" role=\"button\" aria-controls=\"elementor-tab-content-1384\" aria-expanded=\"false\">\n\t\t\t\t\t\t\t\t\t\t\t\t\t<span class=\"elementor-accordion-icon elementor-accordion-icon-left\" aria-hidden=\"true\">\n\t\t\t\t\t\t\t\t\t\t\t\t\t\t\t<span class=\"elementor-accordion-icon-closed\"><svg class=\"e-font-icon-svg e-fas-angle-down\" viewBox=\"0 0 320 512\" xmlns=\"http:\/\/www.w3.org\/2000\/svg\"><path d=\"M143 352.3L7 216.3c-9.4-9.4-9.4-24.6 0-33.9l22.6-22.6c9.4-9.4 24.6-9.4 33.9 0l96.4 96.4 96.4-96.4c9.4-9.4 24.6-9.4 33.9 0l22.6 22.6c9.4 9.4 9.4 24.6 0 33.9l-136 136c-9.2 9.4-24.4 9.4-33.8 0z\"><\/path><\/svg><\/span>\n\t\t\t\t\t\t\t\t<span class=\"elementor-accordion-icon-opened\"><svg class=\"e-font-icon-svg e-fas-angle-up\" viewBox=\"0 0 320 512\" xmlns=\"http:\/\/www.w3.org\/2000\/svg\"><path d=\"M177 159.7l136 136c9.4 9.4 9.4 24.6 0 33.9l-22.6 22.6c-9.4 9.4-24.6 9.4-33.9 0L160 255.9l-96.4 96.4c-9.4 9.4-24.6 9.4-33.9 0L7 329.7c-9.4-9.4-9.4-24.6 0-33.9l136-136c9.4-9.5 24.6-9.5 34-.1z\"><\/path><\/svg><\/span>\n\t\t\t\t\t\t\t\t\t\t\t\t\t\t<\/span>\n\t\t\t\t\t\t\t\t\t\t\t\t<a class=\"elementor-accordion-title\" tabindex=\"0\">Ist LinkFacts nur etwas f\u00fcr Akademiker?<\/a>\n\t\t\t\t\t<\/div>\n\t\t\t\t\t<div id=\"elementor-tab-content-1384\" class=\"elementor-tab-content elementor-clearfix\" data-tab=\"4\" role=\"region\" aria-labelledby=\"elementor-tab-title-1384\"><p><span style=\"font-weight: 400;\">\u00dcberhaupt nicht! LinkFacts kann alle Arten von Bed\u00fcrfnissen und Anwendungsf\u00e4llen erf\u00fcllen, auch pers\u00f6nliche.<\/span><\/p><\/div>\n\t\t\t\t<\/div>\n\t\t\t\t\t\t\t\t<\/div>\n\t\t\t\t\t\t<\/div>\n\t\t\t\t<\/div>\n\t\t\t\t\t<\/div>\n\t\t<\/div>\n\t\t\t\t\t<\/div>\n\t\t<\/section>\n\t\t\t\t<section class=\"elementor-section elementor-top-section elementor-element elementor-element-ef11680 elementor-section-full_width elementor-section-height-default elementor-section-height-default\" data-id=\"ef11680\" data-element_type=\"section\" data-e-type=\"section\" data-settings=\"{&quot;background_background&quot;:&quot;classic&quot;}\">\n\t\t\t\t\t\t<div class=\"elementor-container elementor-column-gap-no\">\n\t\t\t\t\t<div class=\"elementor-column elementor-col-100 elementor-top-column elementor-element elementor-element-1175454\" data-id=\"1175454\" data-element_type=\"column\" data-e-type=\"column\">\n\t\t\t<div class=\"elementor-widget-wrap elementor-element-populated\">\n\t\t\t\t\t\t<div class=\"elementor-element elementor-element-ce713e6 elementor-widget elementor-widget-saasland_c2a\" data-id=\"ce713e6\" data-element_type=\"widget\" data-e-type=\"widget\" data-widget_type=\"saasland_c2a.default\">\n\t\t\t\t<div class=\"elementor-widget-container\">\n\t\t\t\t\t<section class=\"action_area_three sec_pad\">\r\n    <div class=\"curved\"><\/div>\r\n    <div class=\"container\">\r\n        <div class=\"row\">\r\n            <div class=\"col-lg-12\">\r\n                <div class=\"action_content text-center\">\r\n                                        <h2 class=\"f_600 f_size_30 l_height45 mb_40\">\r\n                    Sind Sie bereit, mit LinkFacts zu beginnen?<br \/>\n                <\/h2>\r\n                                                    <a href=\"https:\/\/one.linkfacts.link\/user\/signUp\"\r\n                                                                       class=\"about_btn white_btn wow fadeInLeft\" data-wow-delay=\"0.3s\">\r\n                        Jetzt starten                    <\/a>\r\n                                                    <a href=\"https:\/\/calendly.com\/linkfacts\/linkfacts-demo\"\r\n                                                                       class=\"about_btn wow fadeInRight\" data-wow-delay=\"0.4s\">\r\n                        Book a demo                    <\/a>\r\n                            <\/div>\r\n        <\/div>\r\n    <\/div>\r\n    <\/div>\r\n<\/section>\t\t\t\t<\/div>\n\t\t\t\t<\/div>\n\t\t\t\t\t<\/div>\n\t\t<\/div>\n\t\t\t\t\t<\/div>\n\t\t<\/section>\n\t\t\t\t<\/div>\n\t\t","protected":false},"excerpt":{"rendered":"<p>H\u00c4UFIG GESTELLTE FRAGEN (FAQ) Finden Sie Antworten auf h\u00e4ufig gestellte Fragen zu LinkFacts Wie kann ich LinkFacts nutzen, um meine Recherche zu verbessern? LinkFacts erm\u00f6glicht es Ihnen, alle Ihre Quellen, Ihre Ideen, Ihre Forschungspl\u00e4ne zu konsolidieren. LinkFacts kann als zentrales Werkzeug f\u00fcr Brainstorming mit Mindmaps und Sammeln von allem, was Sie f\u00fcr die Recherche ben\u00f6tigen&#8230;.<\/p>\n","protected":false},"author":2,"featured_media":0,"parent":0,"menu_order":0,"comment_status":"closed","ping_status":"closed","template":"elementor_header_footer","meta":{"footnotes":""},"class_list":["post-23947","page","type-page","status-publish","hentry","no-post-thumbnail"],"yoast_head":"<!-- This site is optimized with the Yoast SEO plugin v27.2 - https:\/\/yoast.com\/product\/yoast-seo-wordpress\/ -->\n<title>Erstellen Sie eine Mindmap-Vorlage Powerpoint-Pr\u00e4sentation f\u00fcr das Brainstorming<\/title>\n<meta name=\"description\" content=\"Erstellen Sie Multimedia-Mindmap-Powerpoint-Pr\u00e4sentationen f\u00fcr Brainstorming, Probleml\u00f6sung, Aufgabenverwaltung, konvertierbar in PDF. Perfekt f\u00fcr Online-Kooperationen.\" \/>\n<meta name=\"robots\" content=\"index, follow, max-snippet:-1, max-image-preview:large, max-video-preview:-1\" \/>\n<link rel=\"canonical\" href=\"https:\/\/www.linkfacts.link\/de\/haeufig-gestellte-fragen\/\" \/>\n<meta property=\"og:locale\" content=\"de_DE\" \/>\n<meta property=\"og:type\" content=\"article\" \/>\n<meta property=\"og:title\" content=\"Erstellen Sie eine Mindmap-Vorlage Powerpoint-Pr\u00e4sentation f\u00fcr das Brainstorming\" \/>\n<meta property=\"og:description\" content=\"Erstellen Sie Multimedia-Mindmap-Powerpoint-Pr\u00e4sentationen f\u00fcr Brainstorming, Probleml\u00f6sung, Aufgabenverwaltung, konvertierbar in PDF. Perfekt f\u00fcr Online-Kooperationen.\" \/>\n<meta property=\"og:url\" content=\"https:\/\/www.linkfacts.link\/de\/haeufig-gestellte-fragen\/\" \/>\n<meta property=\"og:site_name\" content=\"LinkFacts | Collaborative platform to visually explore, capture and share knowledge\" \/>\n<meta property=\"article:publisher\" content=\"https:\/\/www.facebook.com\/LinkFacts\" \/>\n<meta property=\"article:modified_time\" content=\"2022-07-21T13:26:05+00:00\" \/>\n<meta property=\"og:image\" content=\"https:\/\/www.linkfacts.link\/wp-content\/uploads\/2021\/06\/Screenshot-2021-06-25-at-17-07-58-LinkFacts-Solvay-conferences-on-physics-and-chemistry-e1625738926712.png\" \/>\n\t<meta property=\"og:image:width\" content=\"1200\" \/>\n\t<meta property=\"og:image:height\" content=\"597\" \/>\n\t<meta property=\"og:image:type\" content=\"image\/png\" \/>\n<meta name=\"twitter:card\" content=\"summary_large_image\" \/>\n<meta name=\"twitter:site\" content=\"@linkfacts1\" \/>\n<meta name=\"twitter:label1\" content=\"Est. reading time\" \/>\n\t<meta name=\"twitter:data1\" content=\"1 minute\" \/>\n<script type=\"application\/ld+json\" class=\"yoast-schema-graph\">{\"@context\":\"https:\/\/schema.org\",\"@graph\":[{\"@type\":\"WebPage\",\"@id\":\"https:\/\/www.linkfacts.link\/de\/haeufig-gestellte-fragen\/\",\"url\":\"https:\/\/www.linkfacts.link\/de\/haeufig-gestellte-fragen\/\",\"name\":\"Erstellen Sie eine Mindmap-Vorlage Powerpoint-Pr\u00e4sentation f\u00fcr das Brainstorming\",\"isPartOf\":{\"@id\":\"https:\/\/www.linkfacts.link\/de\/#website\"},\"datePublished\":\"2022-07-21T13:26:04+00:00\",\"dateModified\":\"2022-07-21T13:26:05+00:00\",\"description\":\"Erstellen Sie Multimedia-Mindmap-Powerpoint-Pr\u00e4sentationen f\u00fcr Brainstorming, Probleml\u00f6sung, Aufgabenverwaltung, konvertierbar in PDF. Perfekt f\u00fcr Online-Kooperationen.\",\"breadcrumb\":{\"@id\":\"https:\/\/www.linkfacts.link\/de\/haeufig-gestellte-fragen\/#breadcrumb\"},\"inLanguage\":\"de-DE\",\"potentialAction\":[{\"@type\":\"ReadAction\",\"target\":[\"https:\/\/www.linkfacts.link\/de\/haeufig-gestellte-fragen\/\"]}]},{\"@type\":\"BreadcrumbList\",\"@id\":\"https:\/\/www.linkfacts.link\/de\/haeufig-gestellte-fragen\/#breadcrumb\",\"itemListElement\":[{\"@type\":\"ListItem\",\"position\":1,\"name\":\"Home\",\"item\":\"https:\/\/www.linkfacts.link\/de\/\"},{\"@type\":\"ListItem\",\"position\":2,\"name\":\"H\u00c4UFIG GESTELLTE FRAGEN\"}]},{\"@type\":\"WebSite\",\"@id\":\"https:\/\/www.linkfacts.link\/de\/#website\",\"url\":\"https:\/\/www.linkfacts.link\/de\/\",\"name\":\"LinkFacts | Collaborative platform to visually explore, capture and share knowledge\",\"description\":\"Eine einzigartige Social Mindmapping-Plattform f\u00fcr die Bearbeitung und Visualisierung von Netzwerken.\",\"publisher\":{\"@id\":\"https:\/\/www.linkfacts.link\/de\/#organization\"},\"potentialAction\":[{\"@type\":\"SearchAction\",\"target\":{\"@type\":\"EntryPoint\",\"urlTemplate\":\"https:\/\/www.linkfacts.link\/de\/?s={search_term_string}\"},\"query-input\":{\"@type\":\"PropertyValueSpecification\",\"valueRequired\":true,\"valueName\":\"search_term_string\"}}],\"inLanguage\":\"de-DE\"},{\"@type\":\"Organization\",\"@id\":\"https:\/\/www.linkfacts.link\/de\/#organization\",\"name\":\"LinkFacts\",\"url\":\"https:\/\/www.linkfacts.link\/de\/\",\"logo\":{\"@type\":\"ImageObject\",\"inLanguage\":\"de-DE\",\"@id\":\"https:\/\/www.linkfacts.link\/de\/#\/schema\/logo\/image\/\",\"url\":\"https:\/\/www.linkfacts.link\/wp-content\/uploads\/2018\/11\/linkfacts-logo-512.png\",\"contentUrl\":\"https:\/\/www.linkfacts.link\/wp-content\/uploads\/2018\/11\/linkfacts-logo-512.png\",\"width\":512,\"height\":512,\"caption\":\"LinkFacts\"},\"image\":{\"@id\":\"https:\/\/www.linkfacts.link\/de\/#\/schema\/logo\/image\/\"},\"sameAs\":[\"https:\/\/www.facebook.com\/LinkFacts\",\"https:\/\/x.com\/linkfacts1\",\"https:\/\/lu.linkedin.com\/company\/linkfacts\",\"https:\/\/www.youtube.com\/channel\/UCb7ySsUoUYJ0uvi9X1566IA\"]}]}<\/script>\n<!-- \/ Yoast SEO plugin. -->","yoast_head_json":{"title":"Erstellen Sie eine Mindmap-Vorlage Powerpoint-Pr\u00e4sentation f\u00fcr das Brainstorming","description":"Erstellen Sie Multimedia-Mindmap-Powerpoint-Pr\u00e4sentationen f\u00fcr Brainstorming, Probleml\u00f6sung, Aufgabenverwaltung, konvertierbar in PDF. Perfekt f\u00fcr Online-Kooperationen.","robots":{"index":"index","follow":"follow","max-snippet":"max-snippet:-1","max-image-preview":"max-image-preview:large","max-video-preview":"max-video-preview:-1"},"canonical":"https:\/\/www.linkfacts.link\/de\/haeufig-gestellte-fragen\/","og_locale":"de_DE","og_type":"article","og_title":"Erstellen Sie eine Mindmap-Vorlage Powerpoint-Pr\u00e4sentation f\u00fcr das Brainstorming","og_description":"Erstellen Sie Multimedia-Mindmap-Powerpoint-Pr\u00e4sentationen f\u00fcr Brainstorming, Probleml\u00f6sung, Aufgabenverwaltung, konvertierbar in PDF. Perfekt f\u00fcr Online-Kooperationen.","og_url":"https:\/\/www.linkfacts.link\/de\/haeufig-gestellte-fragen\/","og_site_name":"LinkFacts | Collaborative platform to visually explore, capture and share knowledge","article_publisher":"https:\/\/www.facebook.com\/LinkFacts","article_modified_time":"2022-07-21T13:26:05+00:00","og_image":[{"width":1200,"height":597,"url":"https:\/\/www.linkfacts.link\/wp-content\/uploads\/2021\/06\/Screenshot-2021-06-25-at-17-07-58-LinkFacts-Solvay-conferences-on-physics-and-chemistry-e1625738926712.png","type":"image\/png"}],"twitter_card":"summary_large_image","twitter_site":"@linkfacts1","twitter_misc":{"Est. reading time":"1 minute"},"schema":{"@context":"https:\/\/schema.org","@graph":[{"@type":"WebPage","@id":"https:\/\/www.linkfacts.link\/de\/haeufig-gestellte-fragen\/","url":"https:\/\/www.linkfacts.link\/de\/haeufig-gestellte-fragen\/","name":"Erstellen Sie eine Mindmap-Vorlage Powerpoint-Pr\u00e4sentation f\u00fcr das Brainstorming","isPartOf":{"@id":"https:\/\/www.linkfacts.link\/de\/#website"},"datePublished":"2022-07-21T13:26:04+00:00","dateModified":"2022-07-21T13:26:05+00:00","description":"Erstellen Sie Multimedia-Mindmap-Powerpoint-Pr\u00e4sentationen f\u00fcr Brainstorming, Probleml\u00f6sung, Aufgabenverwaltung, konvertierbar in PDF. Perfekt f\u00fcr Online-Kooperationen.","breadcrumb":{"@id":"https:\/\/www.linkfacts.link\/de\/haeufig-gestellte-fragen\/#breadcrumb"},"inLanguage":"de-DE","potentialAction":[{"@type":"ReadAction","target":["https:\/\/www.linkfacts.link\/de\/haeufig-gestellte-fragen\/"]}]},{"@type":"BreadcrumbList","@id":"https:\/\/www.linkfacts.link\/de\/haeufig-gestellte-fragen\/#breadcrumb","itemListElement":[{"@type":"ListItem","position":1,"name":"Home","item":"https:\/\/www.linkfacts.link\/de\/"},{"@type":"ListItem","position":2,"name":"H\u00c4UFIG GESTELLTE FRAGEN"}]},{"@type":"WebSite","@id":"https:\/\/www.linkfacts.link\/de\/#website","url":"https:\/\/www.linkfacts.link\/de\/","name":"LinkFacts | Collaborative platform to visually explore, capture and share knowledge","description":"Eine einzigartige Social Mindmapping-Plattform f\u00fcr die Bearbeitung und Visualisierung von Netzwerken.","publisher":{"@id":"https:\/\/www.linkfacts.link\/de\/#organization"},"potentialAction":[{"@type":"SearchAction","target":{"@type":"EntryPoint","urlTemplate":"https:\/\/www.linkfacts.link\/de\/?s={search_term_string}"},"query-input":{"@type":"PropertyValueSpecification","valueRequired":true,"valueName":"search_term_string"}}],"inLanguage":"de-DE"},{"@type":"Organization","@id":"https:\/\/www.linkfacts.link\/de\/#organization","name":"LinkFacts","url":"https:\/\/www.linkfacts.link\/de\/","logo":{"@type":"ImageObject","inLanguage":"de-DE","@id":"https:\/\/www.linkfacts.link\/de\/#\/schema\/logo\/image\/","url":"https:\/\/www.linkfacts.link\/wp-content\/uploads\/2018\/11\/linkfacts-logo-512.png","contentUrl":"https:\/\/www.linkfacts.link\/wp-content\/uploads\/2018\/11\/linkfacts-logo-512.png","width":512,"height":512,"caption":"LinkFacts"},"image":{"@id":"https:\/\/www.linkfacts.link\/de\/#\/schema\/logo\/image\/"},"sameAs":["https:\/\/www.facebook.com\/LinkFacts","https:\/\/x.com\/linkfacts1","https:\/\/lu.linkedin.com\/company\/linkfacts","https:\/\/www.youtube.com\/channel\/UCb7ySsUoUYJ0uvi9X1566IA"]}]}},"_links":{"self":[{"href":"https:\/\/www.linkfacts.link\/de\/wp-json\/wp\/v2\/pages\/23947","targetHints":{"allow":["GET"]}}],"collection":[{"href":"https:\/\/www.linkfacts.link\/de\/wp-json\/wp\/v2\/pages"}],"about":[{"href":"https:\/\/www.linkfacts.link\/de\/wp-json\/wp\/v2\/types\/page"}],"author":[{"embeddable":true,"href":"https:\/\/www.linkfacts.link\/de\/wp-json\/wp\/v2\/users\/2"}],"replies":[{"embeddable":true,"href":"https:\/\/www.linkfacts.link\/de\/wp-json\/wp\/v2\/comments?post=23947"}],"version-history":[{"count":3,"href":"https:\/\/www.linkfacts.link\/de\/wp-json\/wp\/v2\/pages\/23947\/revisions"}],"predecessor-version":[{"id":23950,"href":"https:\/\/www.linkfacts.link\/de\/wp-json\/wp\/v2\/pages\/23947\/revisions\/23950"}],"wp:attachment":[{"href":"https:\/\/www.linkfacts.link\/de\/wp-json\/wp\/v2\/media?parent=23947"}],"curies":[{"name":"wp","href":"https:\/\/api.w.org\/{rel}","templated":true}]}}