{"id":20205,"date":"2022-06-03T18:40:10","date_gmt":"2022-06-03T16:40:10","guid":{"rendered":"https:\/\/www.linkfacts.link\/kontaktieren-sie-uns-unternehmen\/"},"modified":"2022-07-21T09:12:48","modified_gmt":"2022-07-21T07:12:48","slug":"kontaktieren-sie-uns-unternehmen","status":"publish","type":"page","link":"https:\/\/www.linkfacts.link\/de\/kontaktieren-sie-uns-unternehmen\/","title":{"rendered":"Kontaktieren Sie uns Unternehmen"},"content":{"rendered":"\t\t<div data-elementor-type=\"wp-page\" data-elementor-id=\"20205\" class=\"elementor elementor-20205 elementor-19519\" data-elementor-post-type=\"page\">\n\t\t\t\t\t\t<section class=\"elementor-section elementor-top-section elementor-element elementor-element-27ec388 elementor-section-boxed elementor-section-height-default elementor-section-height-default\" data-id=\"27ec388\" data-element_type=\"section\" data-e-type=\"section\">\n\t\t\t\t\t\t<div class=\"elementor-container elementor-column-gap-default\">\n\t\t\t\t\t<div class=\"elementor-column elementor-col-66 elementor-top-column elementor-element elementor-element-72178e6\" data-id=\"72178e6\" data-element_type=\"column\" data-e-type=\"column\">\n\t\t\t<div class=\"elementor-widget-wrap elementor-element-populated\">\n\t\t\t\t\t\t<div class=\"elementor-element elementor-element-49ab9ef elementor-widget elementor-widget-heading\" data-id=\"49ab9ef\" data-element_type=\"widget\" data-e-type=\"widget\" data-widget_type=\"heading.default\">\n\t\t\t\t<div class=\"elementor-widget-container\">\n\t\t\t\t\t<h1 class=\"elementor-heading-title elementor-size-default\">Haben Sie eine Frage?  <br>\nSagen Sie uns, wie wir Ihnen helfen k\u00f6nnen.  <\/h1>\t\t\t\t<\/div>\n\t\t\t\t<\/div>\n\t\t\t\t\t<\/div>\n\t\t<\/div>\n\t\t\t\t<div class=\"elementor-column elementor-col-33 elementor-top-column elementor-element elementor-element-c442472\" data-id=\"c442472\" data-element_type=\"column\" data-e-type=\"column\">\n\t\t\t<div class=\"elementor-widget-wrap\">\n\t\t\t\t\t\t\t<\/div>\n\t\t<\/div>\n\t\t\t\t\t<\/div>\n\t\t<\/section>\n\t\t\t\t<section class=\"elementor-section elementor-top-section elementor-element elementor-element-061ff33 elementor-section-boxed elementor-section-height-default elementor-section-height-default\" data-id=\"061ff33\" data-element_type=\"section\" data-e-type=\"section\">\n\t\t\t\t\t\t<div class=\"elementor-container elementor-column-gap-default\">\n\t\t\t\t\t<div class=\"elementor-column elementor-col-66 elementor-top-column elementor-element elementor-element-55519a3\" data-id=\"55519a3\" data-element_type=\"column\" data-e-type=\"column\">\n\t\t\t<div class=\"elementor-widget-wrap elementor-element-populated\">\n\t\t\t\t\t\t<div class=\"elementor-element elementor-element-7cfa25a texte-book-call elementor-widget elementor-widget-text-editor\" data-id=\"7cfa25a\" data-element_type=\"widget\" data-e-type=\"widget\" data-widget_type=\"text-editor.default\">\n\t\t\t\t<div class=\"elementor-widget-container\">\n\t\t\t\t\t\t\t\t\t<h3><b>\n<u>\n<a style=\"color: #faab3d;\" href=\"https:\/\/calendly.com\/linkfacts\/linkfacts-call\">Buchen Sie einen Anruf<\/a><\/u>\n<\/b> zu einem g\u00fcnstigen Zeitpunkt.\nOder f\u00fcllen Sie das Formular aus, und wir werden uns mit Ihnen in Verbindung setzen.<\/h3>\t\t\t\t\t\t\t\t<\/div>\n\t\t\t\t<\/div>\n\t\t\t\t\t<\/div>\n\t\t<\/div>\n\t\t\t\t<div class=\"elementor-column elementor-col-33 elementor-top-column elementor-element elementor-element-261ec6e\" data-id=\"261ec6e\" data-element_type=\"column\" data-e-type=\"column\">\n\t\t\t<div class=\"elementor-widget-wrap\">\n\t\t\t\t\t\t\t<\/div>\n\t\t<\/div>\n\t\t\t\t\t<\/div>\n\t\t<\/section>\n\t\t\t\t<section class=\"elementor-section elementor-top-section elementor-element elementor-element-a38e09f elementor-section-boxed elementor-section-height-default elementor-section-height-default\" data-id=\"a38e09f\" data-element_type=\"section\" data-e-type=\"section\">\n\t\t\t\t\t\t<div class=\"elementor-container elementor-column-gap-default\">\n\t\t\t\t\t<div class=\"elementor-column elementor-col-100 elementor-top-column elementor-element elementor-element-372ba2b\" data-id=\"372ba2b\" data-element_type=\"column\" data-e-type=\"column\">\n\t\t\t<div class=\"elementor-widget-wrap elementor-element-populated\">\n\t\t\t\t\t\t<div class=\"elementor-element elementor-element-0517d5c contact_form_company elementor-widget elementor-widget-text-editor\" data-id=\"0517d5c\" data-element_type=\"widget\" data-e-type=\"widget\" data-widget_type=\"text-editor.default\">\n\t\t\t\t<div class=\"elementor-widget-container\">\n\t\t\t\t\t\t\t\t\t<div class=\"contact_form_company\">\n\n<span style=\"font-weight: 400;\">Wir k\u00f6nnen:<\/span>\n<ul>\n \t<li>Stellen Sie sich unsere Produkte vor und erkl\u00e4ren Sie deren Wert f\u00fcr Ihr Unternehmen.<\/li>\n \t<li>Erstellen Sie den optimalen Preisplan f\u00fcr Ihre Anforderungen und Erwartungen.<\/li>\n<\/ul>\n<\/div>\t\t\t\t\t\t\t\t<\/div>\n\t\t\t\t<\/div>\n\t\t\t\t\t<\/div>\n\t\t<\/div>\n\t\t\t\t\t<\/div>\n\t\t<\/section>\n\t\t\t\t<section class=\"elementor-section elementor-top-section elementor-element elementor-element-a10e58c elementor-section-boxed elementor-section-height-default elementor-section-height-default\" data-id=\"a10e58c\" data-element_type=\"section\" data-e-type=\"section\">\n\t\t\t\t\t\t<div class=\"elementor-container elementor-column-gap-default\">\n\t\t\t\t\t<div class=\"elementor-column elementor-col-66 elementor-top-column elementor-element elementor-element-58f06a2\" data-id=\"58f06a2\" data-element_type=\"column\" data-e-type=\"column\">\n\t\t\t<div class=\"elementor-widget-wrap elementor-element-populated\">\n\t\t\t\t\t\t<div class=\"elementor-element elementor-element-eba9135 elementor-widget elementor-widget-shortcode\" data-id=\"eba9135\" data-element_type=\"widget\" data-e-type=\"widget\" data-widget_type=\"shortcode.default\">\n\t\t\t\t<div class=\"elementor-widget-container\">\n\t\t\t\t\t\t\t<div class=\"elementor-shortcode\">\n<div class=\"wpcf7 no-js\" id=\"wpcf7-f19650-o1\" lang=\"de-DE\" dir=\"ltr\" data-wpcf7-id=\"19650\">\n<div class=\"screen-reader-response\"><p role=\"status\" aria-live=\"polite\" aria-atomic=\"true\"><\/p> <ul><\/ul><\/div>\n<form action=\"\/de\/wp-json\/wp\/v2\/pages\/20205#wpcf7-f19650-o1\" method=\"post\" class=\"wpcf7-form init\" aria-label=\"Contact form\" novalidate=\"novalidate\" data-status=\"init\">\n<fieldset class=\"hidden-fields-container\"><input type=\"hidden\" name=\"_wpcf7\" value=\"19650\" \/><input type=\"hidden\" name=\"_wpcf7_version\" value=\"6.1.5\" \/><input type=\"hidden\" name=\"_wpcf7_locale\" value=\"de_DE\" \/><input type=\"hidden\" name=\"_wpcf7_unit_tag\" value=\"wpcf7-f19650-o1\" \/><input type=\"hidden\" name=\"_wpcf7_container_post\" value=\"0\" \/><input type=\"hidden\" name=\"_wpcf7_posted_data_hash\" value=\"\" \/><input type=\"hidden\" name=\"_wpcf7_recaptcha_response\" value=\"\" \/>\n<\/fieldset>\n<div>\n\t<div class=\"form-group text_box\">\n\t\t<p><span class=\"wpcf7-form-control-wrap\" data-name=\"textarea-761\"><textarea cols=\"40\" rows=\"10\" maxlength=\"2000\" class=\"wpcf7-form-control wpcf7-textarea wpcf7-validates-as-required\" aria-required=\"true\" aria-invalid=\"false\" placeholder=\"Sagen Sie uns, wie wir Ihnen helfen k\u00f6nnen\" name=\"textarea-761\"><\/textarea><\/span>\n\t\t<\/p>\n\t<\/div>\n<\/div>\n<div class=\"row\">\n\t<div class=\"col-lg-6\">\n\t\t<div class=\"form-group text_box\">\n\t\t\t<p><span class=\"wpcf7-form-control-wrap\" data-name=\"text-298\"><input size=\"40\" maxlength=\"400\" class=\"wpcf7-form-control wpcf7-text wpcf7-validates-as-required\" aria-required=\"true\" aria-invalid=\"false\" placeholder=\"Dein Name\" value=\"\" type=\"text\" name=\"text-298\" \/><\/span>\n\t\t\t<\/p>\n\t\t<\/div>\n\t<\/div>\n\t<div class=\"col-lg-6\">\n\t\t<div class=\"form-group text_box\">\n\t\t\t<p><span class=\"wpcf7-form-control-wrap\" data-name=\"email-68\"><input size=\"40\" maxlength=\"400\" class=\"wpcf7-form-control wpcf7-email wpcf7-validates-as-required wpcf7-text wpcf7-validates-as-email\" aria-required=\"true\" aria-invalid=\"false\" placeholder=\"Deine E-Mail\" value=\"\" type=\"email\" name=\"email-68\" \/><\/span>\n\t\t\t<\/p>\n\t\t<\/div>\n\t<\/div>\n<\/div>\n<div class=\"row\">\n\t<div class=\"col-lg-6\">\n\t\t<div class=\"form-group text_box\">\n\t\t\t<p><span class=\"wpcf7-form-control-wrap\" data-name=\"tel-877\"><input size=\"40\" maxlength=\"400\" class=\"wpcf7-form-control wpcf7-tel wpcf7-validates-as-required wpcf7-text wpcf7-validates-as-tel\" aria-required=\"true\" aria-invalid=\"false\" placeholder=\"Ihre Telefonnummer\" value=\"\" type=\"tel\" name=\"tel-877\" \/><\/span>\n\t\t\t<\/p>\n\t\t<\/div>\n\t<\/div>\n\t<div class=\"col-lg-6\">\n\t\t<div class=\"form-group text_box\">\n\t\t\t<p><span class=\"wpcf7-form-control-wrap\" data-name=\"text-317\"><input size=\"40\" maxlength=\"400\" class=\"wpcf7-form-control wpcf7-text wpcf7-validates-as-required\" aria-required=\"true\" aria-invalid=\"false\" placeholder=\"Ihr Unternehmen\" value=\"\" type=\"text\" name=\"text-317\" \/><\/span>\n\t\t\t<\/p>\n\t\t<\/div>\n\t<\/div>\n<\/div>\n<div class=\"row\">\n\t<div class=\"col-lg-12\">\n\t\t<p><input class=\"wpcf7-form-control wpcf7-submit has-spinner btn_three\" type=\"submit\" value=\"Send Message\" \/>\n\t\t<\/p>\n\t<\/div>\n<\/div><div class=\"wpcf7-response-output\" aria-hidden=\"true\"><\/div>\n<\/form>\n<\/div>\n<\/div>\n\t\t\t\t\t\t<\/div>\n\t\t\t\t<\/div>\n\t\t\t\t\t<\/div>\n\t\t<\/div>\n\t\t\t\t<div class=\"elementor-column elementor-col-33 elementor-top-column elementor-element elementor-element-d4a8e25\" data-id=\"d4a8e25\" data-element_type=\"column\" data-e-type=\"column\">\n\t\t\t<div class=\"elementor-widget-wrap\">\n\t\t\t\t\t\t\t<\/div>\n\t\t<\/div>\n\t\t\t\t\t<\/div>\n\t\t<\/section>\n\t\t\t\t<\/div>\n\t\t","protected":false},"excerpt":{"rendered":"<p>Haben Sie eine Frage? Sagen Sie uns, wie wir Ihnen helfen k\u00f6nnen. Buchen Sie einen Anruf zu einem g\u00fcnstigen Zeitpunkt. Oder f\u00fcllen Sie das Formular aus, und wir werden uns mit Ihnen in Verbindung setzen. Wir k\u00f6nnen: Stellen Sie sich unsere Produkte vor und erkl\u00e4ren Sie deren Wert f\u00fcr Ihr Unternehmen. Erstellen Sie den optimalen&#8230;<\/p>\n","protected":false},"author":2,"featured_media":0,"parent":0,"menu_order":0,"comment_status":"closed","ping_status":"closed","template":"","meta":{"footnotes":""},"class_list":["post-20205","page","type-page","status-publish","hentry","no-post-thumbnail"],"yoast_head":"<!-- This site is optimized with the Yoast SEO plugin v27.2 - https:\/\/yoast.com\/product\/yoast-seo-wordpress\/ -->\n<title>Kontaktieren Sie uns - LinkFacts | Kontaktieren Sie uns bei Fragen<\/title>\n<meta name=\"description\" content=\"Haben Sie Fragen zu unseren Mindmap-Tools oder m\u00f6chten Sie einfach nur Hallo sagen, nehmen Sie Kontakt mit uns auf. Unser Team bei LInkFacts ist hier, um Ihnen zu helfen. Kontaktieren Sie uns noch heute!\" \/>\n<meta name=\"robots\" content=\"index, follow, max-snippet:-1, max-image-preview:large, max-video-preview:-1\" \/>\n<link rel=\"canonical\" href=\"https:\/\/www.linkfacts.link\/de\/kontaktieren-sie-uns-unternehmen\/\" \/>\n<meta property=\"og:locale\" content=\"de_DE\" \/>\n<meta property=\"og:type\" content=\"article\" \/>\n<meta property=\"og:title\" content=\"Kontaktieren Sie uns - LinkFacts | Kontaktieren Sie uns bei Fragen\" \/>\n<meta property=\"og:description\" content=\"Haben Sie Fragen zu unseren Mindmap-Tools oder m\u00f6chten Sie einfach nur Hallo sagen, nehmen Sie Kontakt mit uns auf. Unser Team bei LInkFacts ist hier, um Ihnen zu helfen. Kontaktieren Sie uns noch heute!\" \/>\n<meta property=\"og:url\" content=\"https:\/\/www.linkfacts.link\/de\/kontaktieren-sie-uns-unternehmen\/\" \/>\n<meta property=\"og:site_name\" content=\"LinkFacts | Collaborative platform to visually explore, capture and share knowledge\" \/>\n<meta property=\"article:publisher\" content=\"https:\/\/www.facebook.com\/LinkFacts\" \/>\n<meta property=\"article:modified_time\" content=\"2022-07-21T07:12:48+00:00\" \/>\n<meta property=\"og:image\" content=\"https:\/\/www.linkfacts.link\/wp-content\/uploads\/2021\/06\/Screenshot-2021-06-25-at-17-07-58-LinkFacts-Solvay-conferences-on-physics-and-chemistry-e1625738926712.png\" \/>\n\t<meta property=\"og:image:width\" content=\"1200\" \/>\n\t<meta property=\"og:image:height\" content=\"597\" \/>\n\t<meta property=\"og:image:type\" content=\"image\/png\" \/>\n<meta name=\"twitter:card\" content=\"summary_large_image\" \/>\n<meta name=\"twitter:site\" content=\"@linkfacts1\" \/>\n<meta name=\"twitter:label1\" content=\"Est. reading time\" \/>\n\t<meta name=\"twitter:data1\" content=\"1 minute\" \/>\n<script type=\"application\/ld+json\" class=\"yoast-schema-graph\">{\"@context\":\"https:\/\/schema.org\",\"@graph\":[{\"@type\":\"WebPage\",\"@id\":\"https:\/\/www.linkfacts.link\/de\/kontaktieren-sie-uns-unternehmen\/\",\"url\":\"https:\/\/www.linkfacts.link\/de\/kontaktieren-sie-uns-unternehmen\/\",\"name\":\"Kontaktieren Sie uns - LinkFacts | Kontaktieren Sie uns bei Fragen\",\"isPartOf\":{\"@id\":\"https:\/\/www.linkfacts.link\/de\/#website\"},\"datePublished\":\"2022-06-03T16:40:10+00:00\",\"dateModified\":\"2022-07-21T07:12:48+00:00\",\"description\":\"Haben Sie Fragen zu unseren Mindmap-Tools oder m\u00f6chten Sie einfach nur Hallo sagen, nehmen Sie Kontakt mit uns auf. Unser Team bei LInkFacts ist hier, um Ihnen zu helfen. Kontaktieren Sie uns noch heute!\",\"breadcrumb\":{\"@id\":\"https:\/\/www.linkfacts.link\/de\/kontaktieren-sie-uns-unternehmen\/#breadcrumb\"},\"inLanguage\":\"de-DE\",\"potentialAction\":[{\"@type\":\"ReadAction\",\"target\":[\"https:\/\/www.linkfacts.link\/de\/kontaktieren-sie-uns-unternehmen\/\"]}]},{\"@type\":\"BreadcrumbList\",\"@id\":\"https:\/\/www.linkfacts.link\/de\/kontaktieren-sie-uns-unternehmen\/#breadcrumb\",\"itemListElement\":[{\"@type\":\"ListItem\",\"position\":1,\"name\":\"Home\",\"item\":\"https:\/\/www.linkfacts.link\/de\/\"},{\"@type\":\"ListItem\",\"position\":2,\"name\":\"Kontaktieren Sie uns Unternehmen\"}]},{\"@type\":\"WebSite\",\"@id\":\"https:\/\/www.linkfacts.link\/de\/#website\",\"url\":\"https:\/\/www.linkfacts.link\/de\/\",\"name\":\"LinkFacts | Collaborative platform to visually explore, capture and share knowledge\",\"description\":\"Eine einzigartige Social Mindmapping-Plattform f\u00fcr die Bearbeitung und Visualisierung von Netzwerken.\",\"publisher\":{\"@id\":\"https:\/\/www.linkfacts.link\/de\/#organization\"},\"potentialAction\":[{\"@type\":\"SearchAction\",\"target\":{\"@type\":\"EntryPoint\",\"urlTemplate\":\"https:\/\/www.linkfacts.link\/de\/?s={search_term_string}\"},\"query-input\":{\"@type\":\"PropertyValueSpecification\",\"valueRequired\":true,\"valueName\":\"search_term_string\"}}],\"inLanguage\":\"de-DE\"},{\"@type\":\"Organization\",\"@id\":\"https:\/\/www.linkfacts.link\/de\/#organization\",\"name\":\"LinkFacts\",\"url\":\"https:\/\/www.linkfacts.link\/de\/\",\"logo\":{\"@type\":\"ImageObject\",\"inLanguage\":\"de-DE\",\"@id\":\"https:\/\/www.linkfacts.link\/de\/#\/schema\/logo\/image\/\",\"url\":\"https:\/\/www.linkfacts.link\/wp-content\/uploads\/2018\/11\/linkfacts-logo-512.png\",\"contentUrl\":\"https:\/\/www.linkfacts.link\/wp-content\/uploads\/2018\/11\/linkfacts-logo-512.png\",\"width\":512,\"height\":512,\"caption\":\"LinkFacts\"},\"image\":{\"@id\":\"https:\/\/www.linkfacts.link\/de\/#\/schema\/logo\/image\/\"},\"sameAs\":[\"https:\/\/www.facebook.com\/LinkFacts\",\"https:\/\/x.com\/linkfacts1\",\"https:\/\/lu.linkedin.com\/company\/linkfacts\",\"https:\/\/www.youtube.com\/channel\/UCb7ySsUoUYJ0uvi9X1566IA\"]}]}<\/script>\n<!-- \/ Yoast SEO plugin. -->","yoast_head_json":{"title":"Kontaktieren Sie uns - LinkFacts | Kontaktieren Sie uns bei Fragen","description":"Haben Sie Fragen zu unseren Mindmap-Tools oder m\u00f6chten Sie einfach nur Hallo sagen, nehmen Sie Kontakt mit uns auf. Unser Team bei LInkFacts ist hier, um Ihnen zu helfen. Kontaktieren Sie uns noch heute!","robots":{"index":"index","follow":"follow","max-snippet":"max-snippet:-1","max-image-preview":"max-image-preview:large","max-video-preview":"max-video-preview:-1"},"canonical":"https:\/\/www.linkfacts.link\/de\/kontaktieren-sie-uns-unternehmen\/","og_locale":"de_DE","og_type":"article","og_title":"Kontaktieren Sie uns - LinkFacts | Kontaktieren Sie uns bei Fragen","og_description":"Haben Sie Fragen zu unseren Mindmap-Tools oder m\u00f6chten Sie einfach nur Hallo sagen, nehmen Sie Kontakt mit uns auf. Unser Team bei LInkFacts ist hier, um Ihnen zu helfen. Kontaktieren Sie uns noch heute!","og_url":"https:\/\/www.linkfacts.link\/de\/kontaktieren-sie-uns-unternehmen\/","og_site_name":"LinkFacts | Collaborative platform to visually explore, capture and share knowledge","article_publisher":"https:\/\/www.facebook.com\/LinkFacts","article_modified_time":"2022-07-21T07:12:48+00:00","og_image":[{"width":1200,"height":597,"url":"https:\/\/www.linkfacts.link\/wp-content\/uploads\/2021\/06\/Screenshot-2021-06-25-at-17-07-58-LinkFacts-Solvay-conferences-on-physics-and-chemistry-e1625738926712.png","type":"image\/png"}],"twitter_card":"summary_large_image","twitter_site":"@linkfacts1","twitter_misc":{"Est. reading time":"1 minute"},"schema":{"@context":"https:\/\/schema.org","@graph":[{"@type":"WebPage","@id":"https:\/\/www.linkfacts.link\/de\/kontaktieren-sie-uns-unternehmen\/","url":"https:\/\/www.linkfacts.link\/de\/kontaktieren-sie-uns-unternehmen\/","name":"Kontaktieren Sie uns - LinkFacts | Kontaktieren Sie uns bei Fragen","isPartOf":{"@id":"https:\/\/www.linkfacts.link\/de\/#website"},"datePublished":"2022-06-03T16:40:10+00:00","dateModified":"2022-07-21T07:12:48+00:00","description":"Haben Sie Fragen zu unseren Mindmap-Tools oder m\u00f6chten Sie einfach nur Hallo sagen, nehmen Sie Kontakt mit uns auf. Unser Team bei LInkFacts ist hier, um Ihnen zu helfen. Kontaktieren Sie uns noch heute!","breadcrumb":{"@id":"https:\/\/www.linkfacts.link\/de\/kontaktieren-sie-uns-unternehmen\/#breadcrumb"},"inLanguage":"de-DE","potentialAction":[{"@type":"ReadAction","target":["https:\/\/www.linkfacts.link\/de\/kontaktieren-sie-uns-unternehmen\/"]}]},{"@type":"BreadcrumbList","@id":"https:\/\/www.linkfacts.link\/de\/kontaktieren-sie-uns-unternehmen\/#breadcrumb","itemListElement":[{"@type":"ListItem","position":1,"name":"Home","item":"https:\/\/www.linkfacts.link\/de\/"},{"@type":"ListItem","position":2,"name":"Kontaktieren Sie uns Unternehmen"}]},{"@type":"WebSite","@id":"https:\/\/www.linkfacts.link\/de\/#website","url":"https:\/\/www.linkfacts.link\/de\/","name":"LinkFacts | Collaborative platform to visually explore, capture and share knowledge","description":"Eine einzigartige Social Mindmapping-Plattform f\u00fcr die Bearbeitung und Visualisierung von Netzwerken.","publisher":{"@id":"https:\/\/www.linkfacts.link\/de\/#organization"},"potentialAction":[{"@type":"SearchAction","target":{"@type":"EntryPoint","urlTemplate":"https:\/\/www.linkfacts.link\/de\/?s={search_term_string}"},"query-input":{"@type":"PropertyValueSpecification","valueRequired":true,"valueName":"search_term_string"}}],"inLanguage":"de-DE"},{"@type":"Organization","@id":"https:\/\/www.linkfacts.link\/de\/#organization","name":"LinkFacts","url":"https:\/\/www.linkfacts.link\/de\/","logo":{"@type":"ImageObject","inLanguage":"de-DE","@id":"https:\/\/www.linkfacts.link\/de\/#\/schema\/logo\/image\/","url":"https:\/\/www.linkfacts.link\/wp-content\/uploads\/2018\/11\/linkfacts-logo-512.png","contentUrl":"https:\/\/www.linkfacts.link\/wp-content\/uploads\/2018\/11\/linkfacts-logo-512.png","width":512,"height":512,"caption":"LinkFacts"},"image":{"@id":"https:\/\/www.linkfacts.link\/de\/#\/schema\/logo\/image\/"},"sameAs":["https:\/\/www.facebook.com\/LinkFacts","https:\/\/x.com\/linkfacts1","https:\/\/lu.linkedin.com\/company\/linkfacts","https:\/\/www.youtube.com\/channel\/UCb7ySsUoUYJ0uvi9X1566IA"]}]}},"_links":{"self":[{"href":"https:\/\/www.linkfacts.link\/de\/wp-json\/wp\/v2\/pages\/20205","targetHints":{"allow":["GET"]}}],"collection":[{"href":"https:\/\/www.linkfacts.link\/de\/wp-json\/wp\/v2\/pages"}],"about":[{"href":"https:\/\/www.linkfacts.link\/de\/wp-json\/wp\/v2\/types\/page"}],"author":[{"embeddable":true,"href":"https:\/\/www.linkfacts.link\/de\/wp-json\/wp\/v2\/users\/2"}],"replies":[{"embeddable":true,"href":"https:\/\/www.linkfacts.link\/de\/wp-json\/wp\/v2\/comments?post=20205"}],"version-history":[{"count":38,"href":"https:\/\/www.linkfacts.link\/de\/wp-json\/wp\/v2\/pages\/20205\/revisions"}],"predecessor-version":[{"id":23840,"href":"https:\/\/www.linkfacts.link\/de\/wp-json\/wp\/v2\/pages\/20205\/revisions\/23840"}],"wp:attachment":[{"href":"https:\/\/www.linkfacts.link\/de\/wp-json\/wp\/v2\/media?parent=20205"}],"curies":[{"name":"wp","href":"https:\/\/api.w.org\/{rel}","templated":true}]}}